{"id":745,"date":"2024-03-20T11:22:33","date_gmt":"2024-03-20T10:22:33","guid":{"rendered":"https:\/\/sii-initiative.de\/award\/bewerbung\/?page_id=745"},"modified":"2025-08-28T11:46:09","modified_gmt":"2025-08-28T09:46:09","slug":"teilnahmebedingungen","status":"publish","type":"page","link":"https:\/\/sii-initiative.de\/award\/bewerbung\/teilnahmebedingungen\/","title":{"rendered":"Teilnahmebedingungen"},"content":{"rendered":"<p>[et_pb_section fb_built=&#8220;1&#8243; _builder_version=&#8220;4.24.0&#8243; _module_preset=&#8220;default&#8220; custom_padding=&#8220;||0px||false|false&#8220; global_colors_info=&#8220;{}&#8220; theme_builder_area=&#8220;post_content&#8220;][et_pb_row _builder_version=&#8220;4.24.0&#8243; _module_preset=&#8220;default&#8220; global_colors_info=&#8220;{}&#8220; theme_builder_area=&#8220;post_content&#8220;][et_pb_column type=&#8220;4_4&#8243; _builder_version=&#8220;4.24.0&#8243; _module_preset=&#8220;default&#8220; global_colors_info=&#8220;{}&#8220; theme_builder_area=&#8220;post_content&#8220;][et_pb_image src=&#8220;https:\/\/sii-initiative.de\/award\/bewerbung\/media\/2024\/REA_Award_Logo-1.png&#8220; alt=&#8220;Real Estate SII Award Logo&#8220; title_text=&#8220;SII Award Logo&#8220; _builder_version=&#8220;4.24.0&#8243; _module_preset=&#8220;default&#8220; max_width=&#8220;320px&#8220; module_alignment=&#8220;center&#8220; hover_enabled=&#8220;0&#8243; global_module=&#8220;1422&#8243; saved_tabs=&#8220;all&#8220; global_colors_info=&#8220;{}&#8220; theme_builder_area=&#8220;post_content&#8220; url=&#8220;https:\/\/sii-initiative.de\/award\/bewerbung\/&#8220; sticky_enabled=&#8220;0&#8243;][\/et_pb_image][et_pb_text _builder_version=&#8220;4.24.0&#8243; _module_preset=&#8220;default&#8220; header_2_font=&#8220;|700||on|||||&#8220; header_2_text_color=&#8220;#6d1c75&#8243; header_3_font=&#8220;|600|||||||&#8220; text_orientation=&#8220;center&#8220; custom_padding=&#8220;||30px||false|false&#8220; global_colors_info=&#8220;{}&#8220; theme_builder_area=&#8220;post_content&#8220;]<\/p>\n<h2>Teilnahme&shy;bedingungen<\/h2>\n<h3>Real Estate Social Impact Investing-Award<\/h3>\n<p>[\/et_pb_text][et_pb_text _builder_version=&#8220;4.24.0&#8243; _module_preset=&#8220;default&#8220; global_colors_info=&#8220;{}&#8220; theme_builder_area=&#8220;post_content&#8220;]<\/p>\n<p>Veranstalter des Wettbewerbs ist das Institut f\u00fcr Corporate Governance in der deutschen Immobilienwirtschaft e.V., Leipziger Platz 9, 10117 Berlin in Kooperation mit dem Immobilien Manager Verlag IMV GmbH &amp; Co. KG, Stolberger Str. 84, 50933 K\u00f6ln.<\/p>\n<p>1. Verpflichtende Bestandteile Ihrer Bewerbung sind die Projektbeschreibung, die Bewerbungsexcel, sowie mindestens drei Bilder\/Grafiken, die Ihr Projekt dokumentieren. Dar\u00fcber hinaus haben Sie die M\u00f6glichkeit, weiteres Bildmaterial (pro Bild max. 5MB) hochzuladen oder zu verlinken (YouTube). Ihre Bewerbung melden Sie auf unserer Bewerbungsplattform an, indem Sie sich registrieren und ein Login erhalten. Dort laden Sie auch Ihre Unterlagen hoch und f\u00fcllen die entsprechenden Felder zu Ihrem Projekt aus. Die Bewerbung k\u00f6nnen Sie bis zum Ende der Bewerbungsfrist jederzeit bearbeiten und erg\u00e4nzen.<\/p>\n<p>2. Mit Einreichen der Bewerbungsunterlagen erkl\u00e4ren sich die Teilnehmer mit der Geltung der nachfolgenden Teilnahmebedingungen einverstanden.<\/p>\n<p>3. Bewerben k\u00f6nnen sich nat\u00fcrliche Personen, Unternehmen, Einzelpersonen, Beh\u00f6rden und Institutionen, die ihren Sitz in Deutschland, \u00d6sterreich, der Schweiz, Luxemburg oder Liechtenstein haben, mit innovativen Projekten und Leistungen. Eingereicht werden k\u00f6nnen Projekte\/Leistungen, die in Deutschland oder im europ\u00e4ischen Ausland realisiert bzw. geplant wurden\/werden.<\/p>\n<p>4. Die Projekte\/Leistungen k\u00f6nnen aus verschiedenen Stadien stammen, z.B. als Projektidee (noch nicht realisiert), als Projekt in Umsetzung oder als bereits umgesetztes Projekt.<\/p>\n<p>5. F\u00fcr die Richtigkeit der Angaben haftet der Teilnehmer.<\/p>\n<p>6. Einsendeschluss ist der <strong>08. September 2025 (verl\u00e4ngert)<\/strong>. Die Teilnahme setzt voraus, dass Bewerbungsexcel und -unterlagen bis 23.59 Uhr zum Stichtag vollst\u00e4ndig und entsprechend den Vorgaben des Veranstalters beim Veranstalter vorliegen.<\/p>\n<p>7. Die Jury beurteilt die eingereichten Bewerbungen anhand der Vollst\u00e4ndigkeit, Aussagekraft und Sorgf\u00e4ltigkeit der Bewerbungsunterlagen.<\/p>\n<p>8. Mit der Einreichung der Bewerbung erkl\u00e4ren sich die Teilnehmer damit einverstanden, dass die eingereichten Unterlagen zum Zwecke der Berichterstattung \u00fcber den Wettbewerb ganz oder auszugsweise abgedruckt, im Internet \u00f6ffentlich zug\u00e4nglich gemacht sowie im Rahmen der Preisverleihung \u00f6ffentlich vorgef\u00fchrt werden. Die Teilnehmer versichern, \u00fcber die vorgenannten Nutzungsrechte an den eingereichten Unterlagen zu verf\u00fcgen und etwa erforderliche Einwilligungen Dritter (z. B. bei Abbildungen von Personen oder Geb\u00e4uden) eingeholt zu haben. Sie stellen den Veranstalter insoweit von allen Anspr\u00fcchen Dritter vollumf\u00e4nglich frei.<\/p>\n<p>9. Mit der Anmeldung erkl\u00e4ren sich die Teilnehmer damit einverstanden, dass Sie im Rahmen der Veranstaltung in Bild und \/oder Wort aufgenommen und die Aufzeichnungen Ihrer Person ohne Anspruch auf Verg\u00fctung auf Internetseiten, Social-Media-Kan\u00e4len und\/oder Zeitschriften des Veranstalters und Dritten ver\u00f6ffentlicht werden. Der Rechtsweg ist ausgeschlossen.<\/p>\n<p>10. Datenschutzhinweis: Der Schutz Ihrer personenbezogenen Daten ist f\u00fcr uns von h\u00f6chster Bedeutung. Wir erheben und verarbeiten Ihre personenbezogenen Daten ausschlie\u00dflich zur Abwicklung des Wettbewerbes. Zu diesem Zweck werden diese Daten an die vom Veranstalter mit der Abwicklung beauftragten Dienstleistungsunternehmen weitergeleitet. Eine Weitergabe an unberechtigte Dritte erfolgt nicht. Dar\u00fcber hinaus k\u00f6nnen Ihre Daten im Rahmen der Berichterstattung \u00fcber den Wettbewerb ver\u00f6ffentlicht werden.<\/p>\n<p>Weitergehende Informationen zu unserem Umgang mit personenbezogenen Daten entnehmen Sie bitte unserer Datenschutzerkl\u00e4rung auf <a href=\"\/award\/bewerbung\/datenschutz\/\" target=\"_blank\" rel=\"noopener\"><u>https:\/\/sii-initiative.de\/award\/bewerbung\/datenschutz<\/u><\/a>.<\/p>\n<p>[Stand 28. August 2025]<\/p>\n<p>[\/et_pb_text][\/et_pb_column][\/et_pb_row][\/et_pb_section]<\/p>\n","protected":false},"excerpt":{"rendered":"<p>Teilnahme&shy;bedingungen Real Estate Social Impact Investing-AwardVeranstalter des Wettbewerbs ist das Institut f\u00fcr Corporate Governance in der deutschen Immobilienwirtschaft e.V., Leipziger Platz 9, 10117 Berlin in Kooperation mit dem Immobilien Manager Verlag IMV GmbH &amp; Co. KG, Stolberger Str. 84, 50933 K\u00f6ln. 1. Verpflichtende Bestandteile Ihrer Bewerbung sind die Projektbeschreibung, die Bewerbungsexcel, sowie mindestens drei Bilder\/Grafiken, [&hellip;]<\/p>\n","protected":false},"author":1,"featured_media":0,"parent":0,"menu_order":0,"comment_status":"closed","ping_status":"closed","template":"","meta":{"_acf_changed":false,"_et_pb_use_builder":"on","_et_pb_old_content":"","_et_gb_content_width":"","footnotes":""},"class_list":["post-745","page","type-page","status-publish","hentry"],"acf":[],"_links":{"self":[{"href":"https:\/\/sii-initiative.de\/award\/bewerbung\/wp-json\/wp\/v2\/pages\/745","targetHints":{"allow":["GET"]}}],"collection":[{"href":"https:\/\/sii-initiative.de\/award\/bewerbung\/wp-json\/wp\/v2\/pages"}],"about":[{"href":"https:\/\/sii-initiative.de\/award\/bewerbung\/wp-json\/wp\/v2\/types\/page"}],"author":[{"embeddable":true,"href":"https:\/\/sii-initiative.de\/award\/bewerbung\/wp-json\/wp\/v2\/users\/1"}],"replies":[{"embeddable":true,"href":"https:\/\/sii-initiative.de\/award\/bewerbung\/wp-json\/wp\/v2\/comments?post=745"}],"version-history":[{"count":4,"href":"https:\/\/sii-initiative.de\/award\/bewerbung\/wp-json\/wp\/v2\/pages\/745\/revisions"}],"predecessor-version":[{"id":2654,"href":"https:\/\/sii-initiative.de\/award\/bewerbung\/wp-json\/wp\/v2\/pages\/745\/revisions\/2654"}],"wp:attachment":[{"href":"https:\/\/sii-initiative.de\/award\/bewerbung\/wp-json\/wp\/v2\/media?parent=745"}],"curies":[{"name":"wp","href":"https:\/\/api.w.org\/{rel}","templated":true}]}}